{"id":95,"date":"2013-02-01T11:23:46","date_gmt":"2013-02-01T10:23:46","guid":{"rendered":"http:\/\/www.ajkvannes.com?page_id=95"},"modified":"2014-12-13T01:18:51","modified_gmt":"2014-12-13T00:18:51","slug":"historique","status":"publish","type":"page","link":"http:\/\/www.ajkvannes.com\/?page_id=95","title":{"rendered":"Historique"},"content":{"rendered":"<div style=\"padding-bottom:20px; padding-top:10px;\" class=\"hupso-share-buttons\"><!-- Hupso Share Buttons - https:\/\/www.hupso.com\/share\/ --><a class=\"hupso_toolbar\" href=\"https:\/\/www.hupso.com\/share\/\"><img decoding=\"async\" src=\"http:\/\/static.hupso.com\/share\/buttons\/dot.png\" style=\"border:0px; padding-top: 5px; float:left;\" alt=\"Share Button\"\/><\/a><script type=\"text\/javascript\">var hupso_services_t=new Array(\"Twitter\",\"Facebook\",\"Google Plus\",\"Print\");var hupso_background_t=\"#EAF4FF\";var hupso_border_t=\"#66CCFF\";var hupso_toolbar_size_t=\"big\";var hupso_image_folder_url = \"\";var hupso_url_t=\"\";var hupso_title_t=\"Historique\";<\/script><script type=\"text\/javascript\" src=\"http:\/\/static.hupso.com\/share\/js\/share_toolbar.js\"><\/script><!-- Hupso Share Buttons --><\/div><p>\u2022 Juin 1968 : cr\u00e9ation de l&rsquo;Association des Jeunes de Kercado dont le but est d&rsquo;occuper les jeunes \u00e0 des activit\u00e9s culturelles et sportives. Le si\u00e8ge social est situ\u00e9 \u00e0 la cit\u00e9 Radieuse.<\/p>\n<p>\u2022 1975 : 1 er jumelage avec le club anglais de Fareham, G\u00e9n\u00e9ration 2.<\/p>\n<p>\u2022 Avril 1981 : Le si\u00e8ge social du club est transf\u00e9r\u00e9 au centre social de Kercado. C&rsquo;est aussi le d\u00e9but de l&rsquo;utilisation du mille club.<\/p>\n<p>\u2022 1986 : mont\u00e9e de l&rsquo;\u00e9quipe f\u00e9minine en Nationale 4. Le club est repr\u00e9sent\u00e9 \u00e0 l&rsquo;\u00e9chelon national depuis cette date.<\/p>\n<p>\u2022 1995 : 1 er Ping boul. (tennis de table + p\u00e9tanque) en nocturne au stade de Kercado au mois d&rsquo;ao\u00fbt. La formule sur la journ\u00e9e et tous les 8 mai sera adopt\u00e9e l&rsquo;ann\u00e9e suivante. Depuis 2006, nous utilisons le complexe de B\u00e9cel.<\/p>\n<p>\u2022 D\u00e9cembre 1997 : le si\u00e8ge social du club est transf\u00e9r\u00e9 \u00e0 la salle Joseph Le Brix.<\/p>\n","protected":false},"excerpt":{"rendered":"<p>\u2022 Juin 1968 : cr\u00e9ation de l&rsquo;Association des Jeunes de Kercado dont le but est d&rsquo;occuper les jeunes \u00e0 des activit\u00e9s culturelles et sportives. Le si\u00e8ge social est situ\u00e9 \u00e0 la cit\u00e9 Radieuse. \u2022 1975 : 1 er jumelage avec le club anglais de Fareham, G\u00e9n\u00e9ration 2. \u2022 Avril 1981 : Le si\u00e8ge social du &hellip; <\/p>\n<p><a class=\"more-link btn\" href=\"http:\/\/www.ajkvannes.com\/?page_id=95\">Lire la suite<\/a><\/p>\n","protected":false},"author":1,"featured_media":0,"parent":0,"menu_order":0,"comment_status":"closed","ping_status":"closed","template":"","meta":{"ngg_post_thumbnail":0,"footnotes":""},"class_list":["post-95","page","type-page","status-publish","hentry","nodate","item-wrap"],"_links":{"self":[{"href":"http:\/\/www.ajkvannes.com\/index.php?rest_route=\/wp\/v2\/pages\/95","targetHints":{"allow":["GET"]}}],"collection":[{"href":"http:\/\/www.ajkvannes.com\/index.php?rest_route=\/wp\/v2\/pages"}],"about":[{"href":"http:\/\/www.ajkvannes.com\/index.php?rest_route=\/wp\/v2\/types\/page"}],"author":[{"embeddable":true,"href":"http:\/\/www.ajkvannes.com\/index.php?rest_route=\/wp\/v2\/users\/1"}],"replies":[{"embeddable":true,"href":"http:\/\/www.ajkvannes.com\/index.php?rest_route=%2Fwp%2Fv2%2Fcomments&post=95"}],"version-history":[{"count":1,"href":"http:\/\/www.ajkvannes.com\/index.php?rest_route=\/wp\/v2\/pages\/95\/revisions"}],"predecessor-version":[{"id":4202,"href":"http:\/\/www.ajkvannes.com\/index.php?rest_route=\/wp\/v2\/pages\/95\/revisions\/4202"}],"wp:attachment":[{"href":"http:\/\/www.ajkvannes.com\/index.php?rest_route=%2Fwp%2Fv2%2Fmedia&parent=95"}],"curies":[{"name":"wp","href":"https:\/\/api.w.org\/{rel}","templated":true}]}}