{"id":445,"date":"2013-04-15T20:30:52","date_gmt":"2013-04-15T19:30:52","guid":{"rendered":"http:\/\/www.ajkvannes.com?page_id=445"},"modified":"2025-08-30T02:06:37","modified_gmt":"2025-08-30T01:06:37","slug":"entrainements","status":"publish","type":"page","link":"http:\/\/www.ajkvannes.com\/?page_id=445","title":{"rendered":"Horaires d&rsquo;entra\u00eenements"},"content":{"rendered":"<div style=\"padding-bottom:20px; padding-top:10px;\" class=\"hupso-share-buttons\"><!-- Hupso Share Buttons - https:\/\/www.hupso.com\/share\/ --><a class=\"hupso_toolbar\" href=\"https:\/\/www.hupso.com\/share\/\"><img decoding=\"async\" src=\"http:\/\/static.hupso.com\/share\/buttons\/dot.png\" style=\"border:0px; padding-top: 5px; float:left;\" alt=\"Share Button\"\/><\/a><script type=\"text\/javascript\">var hupso_services_t=new Array(\"Twitter\",\"Facebook\",\"Google Plus\",\"Print\");var hupso_background_t=\"#EAF4FF\";var hupso_border_t=\"#66CCFF\";var hupso_toolbar_size_t=\"big\";var hupso_image_folder_url = \"\";var hupso_url_t=\"\";var hupso_title_t=\"Horaires%20d%27entra%C3%AEnements\";<\/script><script type=\"text\/javascript\" src=\"http:\/\/static.hupso.com\/share\/js\/share_toolbar.js\"><\/script><!-- Hupso Share Buttons --><\/div><table style=\"height: 342px; width: 114.8%; border-collapse: collapse; border-style: dotted; background-color: #99c2c7;\">\n<tbody>\n<tr style=\"border-style: dotted; border-color: #ada8a8;\">\n<td style=\"width: 28%; height: 72px; vertical-align: middle; border-style: solid; border-color: #000000;\" rowspan=\"2\">Le mardi<\/p>\n<p>(entra\u00eenements dirig\u00e9s)<\/td>\n<td style=\"width: 25.3333%; height: 33px; vertical-align: middle; border-style: solid; border-color: #000000;\">Jeunes<\/td>\n<td style=\"width: 18.9333%; height: 33px; vertical-align: middle; border-style: solid; border-color: #000000;\">18h30-20h00<\/td>\n<td style=\"width: 27.3333%; height: 72px; vertical-align: middle; border-style: solid; border-color: #000000;\" rowspan=\"2\">Salle n\u00b03<\/p>\n<p>Complexe sportif de Kercado<\/td>\n<\/tr>\n<tr style=\"border-style: dotted; border-color: #ada8a8;\">\n<td style=\"width: 25.3333%; height: 39px; vertical-align: middle; border-style: solid; border-color: #000000;\">Adultes<\/td>\n<td style=\"width: 18.9333%; height: 39px; vertical-align: middle; border-style: solid; border-color: #000000;\">20h00-22h00<\/td>\n<\/tr>\n<tr style=\"background-color: #c8dcde;\">\n<td style=\"width: 28%; vertical-align: middle; height: 101px; border-style: solid; border-color: #000000;\" rowspan=\"2\">Le mercredi<\/p>\n<p>(entra\u00eenements dirig\u00e9s)<\/td>\n<td style=\"width: 25.3333%; vertical-align: middle; height: 62px; border-style: solid; border-color: #000000;\">Jeunes d\u00e9butants<\/td>\n<td style=\"width: 18.9333%; vertical-align: middle; height: 62px; border-style: solid; border-color: #000000;\">15h10-16h10<\/td>\n<td style=\"width: 27.3333%; vertical-align: middle; height: 101px; border-style: solid; border-color: #000000;\" rowspan=\"2\">Salle n\u00b01<\/p>\n<p>Complexe sportif de Kercado<\/td>\n<\/tr>\n<tr style=\"background-color: #c8dcde;\">\n<td style=\"width: 25.3333%; height: 39px; vertical-align: middle; border-style: solid; border-color: #000000;\">Jeunes confirm\u00e9s<\/td>\n<td style=\"width: 18.9333%; height: 39px; vertical-align: middle; border-style: solid; border-color: #000000;\">16h00-17h30<\/td>\n<\/tr>\n<tr style=\"border-style: dotted; border-color: #ada8a8;\">\n<td style=\"width: 28%; height: 39px; vertical-align: middle; border-style: solid; border-color: #000000;\">Le jeudi<\/p>\n<p>(entra\u00eenements libres)<\/td>\n<td style=\"width: 25.3333%; height: 39px; vertical-align: middle; border-style: solid; border-color: #000000;\">Jeunes et adultes<\/td>\n<td style=\"width: 18.9333%; height: 39px; vertical-align: middle; border-style: solid; border-color: #000000;\">20h30-22h00<\/td>\n<td style=\"width: 27.3333%; height: 39px; vertical-align: middle; border-style: solid; border-color: #000000;\">Salle n\u00b03<\/p>\n<p>Complexe sportif de Kercado<\/td>\n<\/tr>\n<tr style=\"background-color: #c8dcde;\">\n<td style=\"width: 28%; border-style: solid; border-color: #000000;\">Le samedi<\/p>\n<p>(entra\u00eenements dirig\u00e9s)<\/td>\n<td style=\"width: 25.3333%; border-style: solid; border-color: #000000;\">Jeunes<\/td>\n<td style=\"width: 18.9333%; border-style: solid; border-color: #000000;\">9h30 \u2013 10h30<br \/>\nD\u00e9butants10h30 \u2013 12h00<br \/>\nConfirm\u00e9s<\/td>\n<td style=\"width: 27.3333%; border-style: solid; border-color: #000000;\">Salle n\u00b01<\/p>\n<p>Complexe sportif de Kercado<\/td>\n<\/tr>\n<tr style=\"height: 130px;\">\n<td style=\"width: 28%; border-style: solid; border-color: #000000; height: 130px;\">Le dimanche<\/p>\n<p>(entra\u00eenements libres)<\/td>\n<td style=\"width: 25.3333%; border-style: solid; border-color: #000000; height: 130px;\">Jeunes et adultes<\/td>\n<td style=\"width: 18.9333%; border-style: solid; border-color: #000000; height: 130px;\">10h00-12h00<\/td>\n<td style=\"width: 27.3333%; border-style: solid; border-color: #000000; height: 130px;\">Salle n\u00b03<\/p>\n<p>Complexe sportif de Kercado<\/td>\n<\/tr>\n<\/tbody>\n<\/table>\n<p><u>Note&nbsp;<\/u>: pendant les vacances scolaires, la salle n\u00b03 est parfois indisponible, il est alors possible d\u2019aller jouer&nbsp; \u00e0 la salle Joseph Le Brix (se renseigner, notamment pour les clefs).<\/p>\n","protected":false},"excerpt":{"rendered":"<p>Le mardi (entra\u00eenements dirig\u00e9s) Jeunes 18h30-20h00 Salle n\u00b03 Complexe sportif de Kercado Adultes 20h00-22h00 Le mercredi (entra\u00eenements dirig\u00e9s) Jeunes d\u00e9butants 15h10-16h10 Salle n\u00b01 Complexe sportif de Kercado Jeunes confirm\u00e9s 16h00-17h30 Le jeudi (entra\u00eenements libres) Jeunes et adultes 20h30-22h00 Salle n\u00b03 Complexe sportif de Kercado Le samedi (entra\u00eenements dirig\u00e9s) Jeunes 9h30 \u2013 10h30 D\u00e9butants10h30 \u2013 12h00 &hellip; <\/p>\n<p><a class=\"more-link btn\" href=\"http:\/\/www.ajkvannes.com\/?page_id=445\">Lire la suite<\/a><\/p>\n","protected":false},"author":1,"featured_media":0,"parent":0,"menu_order":0,"comment_status":"closed","ping_status":"closed","template":"","meta":{"ngg_post_thumbnail":0,"footnotes":""},"class_list":["post-445","page","type-page","status-publish","hentry","nodate","item-wrap"],"_links":{"self":[{"href":"http:\/\/www.ajkvannes.com\/index.php?rest_route=\/wp\/v2\/pages\/445","targetHints":{"allow":["GET"]}}],"collection":[{"href":"http:\/\/www.ajkvannes.com\/index.php?rest_route=\/wp\/v2\/pages"}],"about":[{"href":"http:\/\/www.ajkvannes.com\/index.php?rest_route=\/wp\/v2\/types\/page"}],"author":[{"embeddable":true,"href":"http:\/\/www.ajkvannes.com\/index.php?rest_route=\/wp\/v2\/users\/1"}],"replies":[{"embeddable":true,"href":"http:\/\/www.ajkvannes.com\/index.php?rest_route=%2Fwp%2Fv2%2Fcomments&post=445"}],"version-history":[{"count":80,"href":"http:\/\/www.ajkvannes.com\/index.php?rest_route=\/wp\/v2\/pages\/445\/revisions"}],"predecessor-version":[{"id":225695,"href":"http:\/\/www.ajkvannes.com\/index.php?rest_route=\/wp\/v2\/pages\/445\/revisions\/225695"}],"wp:attachment":[{"href":"http:\/\/www.ajkvannes.com\/index.php?rest_route=%2Fwp%2Fv2%2Fmedia&parent=445"}],"curies":[{"name":"wp","href":"https:\/\/api.w.org\/{rel}","templated":true}]}}