{"id":197,"date":"2013-04-09T14:36:28","date_gmt":"2013-04-09T13:36:28","guid":{"rendered":"http:\/\/www.ajkvannes.com?page_id=197"},"modified":"2025-08-30T01:33:12","modified_gmt":"2025-08-30T00:33:12","slug":"documents","status":"publish","type":"page","link":"http:\/\/www.ajkvannes.com\/?page_id=197","title":{"rendered":"Tarifs \/ Inscriptions"},"content":{"rendered":"<div style=\"padding-bottom:20px; padding-top:10px;\" class=\"hupso-share-buttons\"><!-- Hupso Share Buttons - https:\/\/www.hupso.com\/share\/ --><a class=\"hupso_toolbar\" href=\"https:\/\/www.hupso.com\/share\/\"><img decoding=\"async\" src=\"http:\/\/static.hupso.com\/share\/buttons\/dot.png\" style=\"border:0px; padding-top: 5px; float:left;\" alt=\"Share Button\"\/><\/a><script type=\"text\/javascript\">var hupso_services_t=new Array(\"Twitter\",\"Facebook\",\"Google Plus\",\"Print\");var hupso_background_t=\"#EAF4FF\";var hupso_border_t=\"#66CCFF\";var hupso_toolbar_size_t=\"big\";var hupso_image_folder_url = \"\";var hupso_url_t=\"\";var hupso_title_t=\"Tarifs%20%2F%20Inscriptions\";<\/script><script type=\"text\/javascript\" src=\"http:\/\/static.hupso.com\/share\/js\/share_toolbar.js\"><\/script><!-- Hupso Share Buttons --><\/div>\n<table id=\"tablepress-2\" class=\"tablepress tablepress-id-2\">\n<thead>\n<tr class=\"row-1\">\n\t<th class=\"column-1\">Cat\u00e9gories<\/th><th class=\"column-2\">Comp\u00e9tition<\/th><th class=\"column-3\">Comp\u00e9tition +<br \/>\nCrit\u00e9rium F\u00e9d\u00e9ral (comp\u00e9tition individuelle)<\/th><th class=\"column-4\">Loisir (Pas de comp\u00e9tition)<\/th>\n<\/tr>\n<\/thead>\n<tbody class=\"row-hover\">\n<tr class=\"row-2\">\n\t<td class=\"column-1\">V\u00e9t\u00e9ran, Senior et Junior (n\u00e9s en 2007-2008-2009-2010 et avant)<\/td><td class=\"column-2\">118 \u20ac<\/td><td class=\"column-3\">153 \u20ac<\/td><td class=\"column-4\">98 \u20ac<\/td>\n<\/tr>\n<tr class=\"row-3\">\n\t<td class=\"column-1\">Autres cat\u00e9gories (n\u00e9s apr\u00e8s 2010)<\/td><td class=\"column-2\">98 \u20ac<\/td><td class=\"column-3\">117 \u20ac<\/td><td class=\"column-4\">83 \u20ac<\/td>\n<\/tr>\n<\/tbody>\n<\/table>\n<!-- #tablepress-2 from cache -->\n<p>Voici la liste des documents \u00e0 fournir pour votre inscription:<\/p>\n<ul style=\"list-style-type: disc;\">\n<li><a href=\"http:\/\/www.ajkvannes.com\/wp-content\/uploads\/2025\/08\/25-2-licence.pdf\" target=\"_blank\" rel=\"noopener\">licence 2025-2026<\/a><\/li>\n<li>Questionnaire Sant\u00e9 (<a href=\"http:\/\/www.ajkvannes.com\/wp-content\/uploads\/2024\/08\/24-10-2-autoquestionnaire-medical-mineur.pdf\" target=\"_blank\" rel=\"noopener\">mineurs<\/a>, <a href=\"http:\/\/www.ajkvannes.com\/wp-content\/uploads\/2025\/08\/questionnaire-medical-majeur2025.pdf\" target=\"_blank\" rel=\"noopener\">majeurs<\/a>)<\/li>\n<li><a href=\"http:\/\/www.ajkvannes.com\/wp-content\/uploads\/2024\/08\/24-9-certificat.pdf\" target=\"_blank\" rel=\"noopener\">Formulaire Certificat M\u00e9dical<\/a><\/li>\n<li><a href=\"http:\/\/www.ajkvannes.com\/wp-content\/uploads\/2025\/08\/EVOLUTION-CERTIFICATION-MEDICALE.pdf\" target=\"_blank\" rel=\"noopener\">Evolution certificat m\u00e9dical<\/a><\/li>\n<li><a href=\"http:\/\/www.ajkvannes.com\/wp-content\/uploads\/2025\/08\/Informations-2025-2026.pdf\" target=\"_blank\" rel=\"noopener\">Informations 2025-2026<\/a><\/li>\n<li><a href=\"http:\/\/www.ajkvannes.com\/wp-content\/uploads\/2025\/08\/Formulaire-dinscription-2025-2026.pdf\" target=\"_blank\" rel=\"noopener\">Formulaire d&rsquo;inscription 2025-2026<\/a><\/li>\n<\/ul>\n","protected":false},"excerpt":{"rendered":"<p>Voici la liste des documents \u00e0 fournir pour votre inscription: licence 2025-2026 Questionnaire Sant\u00e9 (mineurs, majeurs) Formulaire Certificat M\u00e9dical Evolution certificat m\u00e9dical Informations 2025-2026 Formulaire d&rsquo;inscription 2025-2026<\/p>\n","protected":false},"author":1,"featured_media":0,"parent":0,"menu_order":0,"comment_status":"closed","ping_status":"closed","template":"","meta":{"ngg_post_thumbnail":0,"footnotes":""},"class_list":["post-197","page","type-page","status-publish","hentry","nodate","item-wrap"],"_links":{"self":[{"href":"http:\/\/www.ajkvannes.com\/index.php?rest_route=\/wp\/v2\/pages\/197","targetHints":{"allow":["GET"]}}],"collection":[{"href":"http:\/\/www.ajkvannes.com\/index.php?rest_route=\/wp\/v2\/pages"}],"about":[{"href":"http:\/\/www.ajkvannes.com\/index.php?rest_route=\/wp\/v2\/types\/page"}],"author":[{"embeddable":true,"href":"http:\/\/www.ajkvannes.com\/index.php?rest_route=\/wp\/v2\/users\/1"}],"replies":[{"embeddable":true,"href":"http:\/\/www.ajkvannes.com\/index.php?rest_route=%2Fwp%2Fv2%2Fcomments&post=197"}],"version-history":[{"count":47,"href":"http:\/\/www.ajkvannes.com\/index.php?rest_route=\/wp\/v2\/pages\/197\/revisions"}],"predecessor-version":[{"id":225685,"href":"http:\/\/www.ajkvannes.com\/index.php?rest_route=\/wp\/v2\/pages\/197\/revisions\/225685"}],"wp:attachment":[{"href":"http:\/\/www.ajkvannes.com\/index.php?rest_route=%2Fwp%2Fv2%2Fmedia&parent=197"}],"curies":[{"name":"wp","href":"https:\/\/api.w.org\/{rel}","templated":true}]}}